{"id":11707,"date":"2025-12-15T16:58:45","date_gmt":"2025-12-15T16:58:45","guid":{"rendered":"https:\/\/www.bnz.energy\/?page_id=11707"},"modified":"2025-12-23T10:04:13","modified_gmt":"2025-12-23T10:04:13","slug":"canal-de-etica","status":"publish","type":"page","link":"https:\/\/www.bnz.energy\/pt-pt\/canal-de-etica\/","title":{"rendered":"Canal de \u00e9tica"},"content":{"rendered":"<p>[et_pb_section fb_built=&#8221;1&#8243; _builder_version=&#8221;4.16&#8243; _module_preset=&#8221;%22default%22&#8243; custom_margin=&#8221;%22||||false|false%22&#8243; custom_padding=&#8221;%2220px||20px||false|false%22&#8243; locked=&#8221;%22off%22&#8243; global_colors_info=&#8221;%22{}%22&#8243;][et_pb_row column_structure=&#8221;%224_4%22&#8243; module_class=&#8221;%22vend%22&#8243; _builder_version=&#8221;4.16&#8243; _module_preset=&#8221;%22default%22&#8243; background_size=&#8221;initial&#8221; background_position=&#8221;top_left&#8221; background_repeat=&#8221;repeat&#8221; custom_margin=&#8221;%22||||false|false%22&#8243; custom_padding=&#8221;%22||0px||false|false%22&#8243; global_colors_info=&#8221;%22{}%22&#8243;][et_pb_column type=&#8221;%224_4%22&#8243; _builder_version=&#8221;4.16&#8243; _module_preset=&#8221;%22default%22&#8243; custom_padding=&#8221;|||&#8221; global_colors_info=&#8221;%22{}%22&#8243; custom_padding__hover=&#8221;|||&#8221;][dsm_breadcrumbs show_home_icon=&#8221;%22off%22&#8243; _builder_version=&#8221;4.16&#8243; _module_preset=&#8221;%22default%22&#8243; items_text_color=&#8221;%22#81868b%22&#8243; global_colors_info=&#8221;%22{}%22&#8243;][\/dsm_breadcrumbs][\/et_pb_column][\/et_pb_row][\/et_pb_section][et_pb_section fb_built=&#8221;1&#8243; _builder_version=&#8221;4.27.2&#8243; _module_preset=&#8221;default&#8221; background_image=&#8221;https:\/\/www.bnz.energy\/wp-content\/uploads\/2024\/12\/Group-93.jpg&#8221; custom_margin=&#8221;0px||0px||false|false&#8221; custom_padding=&#8221;0px||0px||false|false&#8221; locked=&#8221;off&#8221; global_colors_info=&#8221;{}&#8221;][et_pb_row module_class=&#8221;vend&#8221; _builder_version=&#8221;4.27.2&#8243; _module_preset=&#8221;default&#8221; min_height=&#8221;212px&#8221; custom_margin=&#8221;0px||0px||false|false&#8221; custom_padding=&#8221;40px||40px||false|false&#8221; global_colors_info=&#8221;{}&#8221;][et_pb_column type=&#8221;4_4&#8243; _builder_version=&#8221;4.27.2&#8243; _module_preset=&#8221;default&#8221; global_colors_info=&#8221;{}&#8221;][et_pb_heading title=&#8221;@ET-DC@eyJkeW5hbWljIjp0cnVlLCJjb250ZW50IjoicG9zdF90aXRsZSIsInNldHRpbmdzIjp7ImJlZm9yZSI6IiIsImFmdGVyIjoiIn19@&#8221; _builder_version=&#8221;4.27.2&#8243; _dynamic_attributes=&#8221;title&#8221; _module_preset=&#8221;default&#8221; title_font=&#8221;Poppins|500|||||||&#8221; title_text_color=&#8221;#FFFFFF&#8221; title_font_size=&#8221;40px&#8221; animation_direction=&#8221;left&#8221; global_colors_info=&#8221;{}&#8221;][\/et_pb_heading][\/et_pb_column][\/et_pb_row][\/et_pb_section][et_pb_section fb_built=&#8221;1&#8243; _builder_version=&#8221;4.27.5&#8243; _module_preset=&#8221;default&#8221; background_enable_image=&#8221;off&#8221; animation_style=&#8221;slide&#8221; animation_direction=&#8221;bottom&#8221; locked=&#8221;off&#8221; global_colors_info=&#8221;{}&#8221;][et_pb_row _builder_version=&#8221;4.27.2&#8243; _module_preset=&#8221;default&#8221; global_colors_info=&#8221;{}&#8221;][et_pb_column type=&#8221;4_4&#8243; _builder_version=&#8221;4.27.2&#8243; _module_preset=&#8221;default&#8221; global_colors_info=&#8221;{}&#8221;][et_pb_divider divider_weight=&#8221;2px&#8221; _builder_version=&#8221;4.27.2&#8243; _module_preset=&#8221;default&#8221; width=&#8221;10%&#8221; width_tablet=&#8221;10%&#8221; width_phone=&#8221;40%&#8221; width_last_edited=&#8221;on|phone&#8221; module_alignment=&#8221;left&#8221; custom_margin=&#8221;||10px||false|false&#8221; global_colors_info=&#8221;{}&#8221;][\/et_pb_divider][et_pb_heading title=&#8221;Tem alguma reclama\u00e7\u00e3o ou sugest\u00e3o que gostaria de partilhar?&#8221; _builder_version=&#8221;4.27.5&#8243; _module_preset=&#8221;default&#8221; title_level=&#8221;h2&#8243; title_text_color=&#8221;#44505d&#8221; title_font_size=&#8221;34px&#8221; title_font_size_tablet=&#8221;34px&#8221; title_font_size_phone=&#8221;28px&#8221; title_font_size_last_edited=&#8221;on|phone&#8221; global_colors_info=&#8221;{}&#8221;][\/et_pb_heading][\/et_pb_column][\/et_pb_row][et_pb_row _builder_version=&#8221;4.27.5&#8243; _module_preset=&#8221;default&#8221; global_colors_info=&#8221;{}&#8221;][et_pb_column type=&#8221;4_4&#8243; _builder_version=&#8221;4.27.5&#8243; _module_preset=&#8221;default&#8221; custom_padding_tablet=&#8221;&#8221; custom_padding_phone=&#8221;&#8221; custom_padding_last_edited=&#8221;on|desktop&#8221; global_colors_info=&#8221;{}&#8221;][et_pb_text _builder_version=&#8221;4.27.5&#8243; _module_preset=&#8221;%22default%22&#8243; background_size=&#8221;initial&#8221; background_position=&#8221;top_left&#8221; background_repeat=&#8221;repeat&#8221; global_colors_info=&#8221;%22{}%22&#8243;]Na BNZ, estamos comprometidos com os mais elevados padr\u00f5es de \u00e9tica, integridade e conformidade regulat\u00f3ria. Por esse motivo, disponibilizamos este Canal de Reclama\u00e7\u00f5es aos funcion\u00e1rios, colaboradores, fornecedores, comunidades locais e quaisquer terceiros ligados \u00e0s atividades da nossa empresa como um meio seguro e confidencial de relatar quaisquer irregularidades detetadas em rela\u00e7\u00e3o \u00e0s nossas atividades comerciais.<\/p>\n<p>Este canal pode ser utilizado para reportar condutas que violem a lei, o nosso C\u00f3digo de \u00c9tica ou as nossas pol\u00edticas internas, incluindo, entre outros, eventuais casos de fraude, corrup\u00e7\u00e3o, incumprimento regulat\u00f3rio, riscos ambientais ou viola\u00e7\u00f5es de direitos.<\/p>\n<p>Todas as comunica\u00e7\u00f5es ser\u00e3o tratadas de forma confidencial, em conformidade com a legisla\u00e7\u00e3o de prote\u00e7\u00e3o de dados, garantindo-se que n\u00e3o haver\u00e1 quaisquer repres\u00e1lias contra as pessoas que utilizem este canal de forma respons\u00e1vel. As den\u00fancias recebidas ser\u00e3o analisadas por uma entidade terceira independente, com rigor, independ\u00eancia e objetividade, sendo adotadas as medidas adequadas sempre que necess\u00e1rio<\/p>\n<p>Este canal refor\u00e7a o nosso compromisso com a transpar\u00eancia, a responsabilidade e a melhoria cont\u00ednua, pilares fundamentais da nossa atua\u00e7\u00e3o respons\u00e1vel e sustent\u00e1vel.[\/et_pb_text][et_pb_image src=&#8221;https:\/\/www.bnz.energy\/wp-content\/uploads\/2025\/12\/canal_etico_PT.png&#8221; title_text=&#8221;canal_etico_PT&#8221; align=&#8221;center&#8221; align_tablet=&#8221;center&#8221; align_phone=&#8221;center&#8221; align_last_edited=&#8221;on|desktop&#8221; _builder_version=&#8221;4.27.5&#8243; _module_preset=&#8221;%22default%22&#8243; animation_style=&#8221;slide&#8221; animation_direction=&#8221;left&#8221; animation_duration=&#8221;500ms&#8221; animation_intensity_slide=&#8221;10%&#8221; global_colors_info=&#8221;%22{}%22&#8243;][\/et_pb_image][et_pb_button button_url=&#8221;https:\/\/app.infodenuncias.com\/external-secure-channel\/krc67agf&#8221; url_new_window=&#8221;on&#8221; button_text=&#8221;Aceda ao nosso canal de reclama\u00e7\u00f5es e sugest\u00f5es&#8221; button_alignment=&#8221;center&#8221; button_alignment_tablet=&#8221;right&#8221; button_alignment_phone=&#8221;left&#8221; button_alignment_last_edited=&#8221;on|phone&#8221; _builder_version=&#8221;4.27.5&#8243; _module_preset=&#8221;default&#8221; custom_button=&#8221;on&#8221; button_text_size=&#8221;16px&#8221; button_text_color=&#8221;#FFFFFF&#8221; button_bg_color=&#8221;#44505D&#8221; button_font=&#8221;Poppins|600|||||||&#8221; button_use_icon=&#8221;off&#8221; custom_padding=&#8221;10px|40px|10px|40px|false|true&#8221; global_colors_info=&#8221;{}&#8221;][\/et_pb_button][\/et_pb_column][\/et_pb_row][\/et_pb_section]<\/p>\n","protected":false},"excerpt":{"rendered":"<p><div class=\"et_pb_module dsm_breadcrumbs dsm_breadcrumbs_0\">\n\t\t\t\t\n\t\t\t\t\n\t\t\t\t\n\t\t\t\t\n\t\t\t\t\n\t\t\t\t\n\t\t\t\t<div class=\"et_pb_module_inner\">\n\t\t\t\t\t<nav class=\"dsm_breadcrumbs_wrap\" role=\"navigation\" itemscope=\"\" itemtype=\"http:\/\/schema.org\/SiteNavigationElement\">\n\t\t\t\t<ul class=\"dsm_breadcrumbs\">\t\t\t<li class='dsm_breadcrumbs_item dsm_home_item dsm_home_item_custom'>\n\t\t\t\t<a href=\"https:\/\/www.bnz.energy\/pt-pt\/\" itemprop=\"url\" target=\"\">\n\t\t\t\t\t<span class='dsm_home_text_wrapper'>\n\t\t\t\t\t\t\t\t\t\t\t\t\t<span class=\"dsm_home_text\" itemprop=\"name\">\n\t\t\t\t\t\t\t\tHome\t\t\t\t\t\t\t<\/span>\n\t\t\t\t\t<\/span>\n\t\t\t\t<\/a>\n\t\t\t<\/li>\n\n\t\t<li class=\"dsm_breadcrumbs_separator\"> <span class=\"et-pb-icon dsm_separator_icon\">5<\/span><\/li><\/ul>\n\t\t\t<\/nav>\n\t\t\t\t<\/div>\n\t\t\t<\/div>Na BNZ, estamos comprometidos com os mais elevados padr\u00f5es de \u00e9tica, integridade e conformidade regulat\u00f3ria. Por esse motivo, disponibilizamos este Canal de Reclama\u00e7\u00f5es aos funcion\u00e1rios, colaboradores, fornecedores, comunidades locais e quaisquer terceiros ligados \u00e0s atividades da nossa empresa como um meio seguro e confidencial de relatar quaisquer irregularidades detetadas em rela\u00e7\u00e3o \u00e0s nossas atividades comerciais. Este canal pode ser utilizado para reportar condutas que violem a lei, o nosso C\u00f3digo de \u00c9tica ou as nossas pol\u00edticas internas, incluindo, entre outros, eventuais casos de fraude, corrup\u00e7\u00e3o, incumprimento regulat\u00f3rio, riscos ambientais ou viola\u00e7\u00f5es de direitos. Todas as comunica\u00e7\u00f5es ser\u00e3o tratadas de forma confidencial, em conformidade com a legisla\u00e7\u00e3o de prote\u00e7\u00e3o de dados, garantindo-se que n\u00e3o haver\u00e1 quaisquer repres\u00e1lias contra as pessoas que utilizem este canal de forma respons\u00e1vel. As den\u00fancias recebidas ser\u00e3o analisadas por uma entidade terceira independente, com rigor, independ\u00eancia e objetividade, sendo adotadas as medidas adequadas sempre que necess\u00e1rio Este canal refor\u00e7a o nosso compromisso com a transpar\u00eancia, a responsabilidade e a melhoria cont\u00ednua, pilares fundamentais da nossa atua\u00e7\u00e3o respons\u00e1vel e sustent\u00e1vel.<\/p>\n","protected":false},"author":2,"featured_media":0,"parent":0,"menu_order":0,"comment_status":"closed","ping_status":"closed","template":"","meta":{"_acf_changed":false,"_et_pb_use_builder":"on","_et_pb_old_content":"","_et_gb_content_width":"","footnotes":""},"class_list":["post-11707","page","type-page","status-publish","hentry"],"acf":[],"yoast_head":"<!-- This site is optimized with the Yoast SEO plugin v26.6 - https:\/\/yoast.com\/wordpress\/plugins\/seo\/ -->\n<title>Canal de \u00e9tica - BNZ<\/title>\n<meta name=\"robots\" content=\"index, follow, max-snippet:-1, max-image-preview:large, max-video-preview:-1\" \/>\n<link rel=\"canonical\" href=\"https:\/\/www.bnz.energy\/pt-pt\/canal-de-etica\/\" \/>\n<meta property=\"og:locale\" content=\"pt_PT\" \/>\n<meta property=\"og:type\" content=\"article\" \/>\n<meta property=\"og:title\" content=\"Canal de \u00e9tica - BNZ\" \/>\n<meta property=\"og:description\" content=\"Na BNZ, estamos comprometidos com os mais elevados padr\u00f5es de \u00e9tica, integridade e conformidade regulat\u00f3ria. Por esse motivo, disponibilizamos este Canal de Reclama\u00e7\u00f5es aos funcion\u00e1rios, colaboradores, fornecedores, comunidades locais e quaisquer terceiros ligados \u00e0s atividades da nossa empresa como um meio seguro e confidencial de relatar quaisquer irregularidades detetadas em rela\u00e7\u00e3o \u00e0s nossas atividades comerciais. Este canal pode ser utilizado para reportar condutas que violem a lei, o nosso C\u00f3digo de \u00c9tica ou as nossas pol\u00edticas internas, incluindo, entre outros, eventuais casos de fraude, corrup\u00e7\u00e3o, incumprimento regulat\u00f3rio, riscos ambientais ou viola\u00e7\u00f5es de direitos. Todas as comunica\u00e7\u00f5es ser\u00e3o tratadas de forma confidencial, em conformidade com a legisla\u00e7\u00e3o de prote\u00e7\u00e3o de dados, garantindo-se que n\u00e3o haver\u00e1 quaisquer repres\u00e1lias contra as pessoas que utilizem este canal de forma respons\u00e1vel. As den\u00fancias recebidas ser\u00e3o analisadas por uma entidade terceira independente, com rigor, independ\u00eancia e objetividade, sendo adotadas as medidas adequadas sempre que necess\u00e1rio Este canal refor\u00e7a o nosso compromisso com a transpar\u00eancia, a responsabilidade e a melhoria cont\u00ednua, pilares fundamentais da nossa atua\u00e7\u00e3o respons\u00e1vel e sustent\u00e1vel.\" \/>\n<meta property=\"og:url\" content=\"https:\/\/www.bnz.energy\/pt-pt\/canal-de-etica\/\" \/>\n<meta property=\"og:site_name\" content=\"BNZ\" \/>\n<meta property=\"article:modified_time\" content=\"2025-12-23T10:04:13+00:00\" \/>\n<meta property=\"og:image\" content=\"https:\/\/www.bnz.energy\/wp-content\/uploads\/2024\/10\/PRESS-ROOM_2024_5_OCT_BNZ-BNZ-signs-its-first-PPA-with-Ardagh-Metal-Packaging-Europe-in-Portugal-2.png\" \/>\n\t<meta property=\"og:image:width\" content=\"1024\" \/>\n\t<meta property=\"og:image:height\" content=\"534\" \/>\n\t<meta property=\"og:image:type\" content=\"image\/png\" \/>\n<meta name=\"twitter:card\" content=\"summary_large_image\" \/>\n<meta name=\"twitter:label1\" content=\"Tempo estimado de leitura\" \/>\n\t<meta name=\"twitter:data1\" content=\"2 minutos\" \/>\n<script type=\"application\/ld+json\" class=\"yoast-schema-graph\">{\"@context\":\"https:\/\/schema.org\",\"@graph\":[{\"@type\":\"WebPage\",\"@id\":\"https:\/\/www.bnz.energy\/pt-pt\/canal-de-etica\/\",\"url\":\"https:\/\/www.bnz.energy\/pt-pt\/canal-de-etica\/\",\"name\":\"Canal de \u00e9tica - BNZ\",\"isPartOf\":{\"@id\":\"https:\/\/www.bnz.energy\/#website\"},\"datePublished\":\"2025-12-15T16:58:45+00:00\",\"dateModified\":\"2025-12-23T10:04:13+00:00\",\"breadcrumb\":{\"@id\":\"https:\/\/www.bnz.energy\/pt-pt\/canal-de-etica\/#breadcrumb\"},\"inLanguage\":\"pt-PT\",\"potentialAction\":[{\"@type\":\"ReadAction\",\"target\":[\"https:\/\/www.bnz.energy\/pt-pt\/canal-de-etica\/\"]}]},{\"@type\":\"BreadcrumbList\",\"@id\":\"https:\/\/www.bnz.energy\/pt-pt\/canal-de-etica\/#breadcrumb\",\"itemListElement\":[{\"@type\":\"ListItem\",\"position\":1,\"name\":\"Home\",\"item\":\"https:\/\/www.bnz.energy\/pt-pt\/\"},{\"@type\":\"ListItem\",\"position\":2,\"name\":\"Canal de \u00e9tica\"}]},{\"@type\":\"WebSite\",\"@id\":\"https:\/\/www.bnz.energy\/#website\",\"url\":\"https:\/\/www.bnz.energy\/\",\"name\":\"BNZ\",\"description\":\"\",\"publisher\":{\"@id\":\"https:\/\/www.bnz.energy\/#organization\"},\"potentialAction\":[{\"@type\":\"SearchAction\",\"target\":{\"@type\":\"EntryPoint\",\"urlTemplate\":\"https:\/\/www.bnz.energy\/?s={search_term_string}\"},\"query-input\":{\"@type\":\"PropertyValueSpecification\",\"valueRequired\":true,\"valueName\":\"search_term_string\"}}],\"inLanguage\":\"pt-PT\"},{\"@type\":\"Organization\",\"@id\":\"https:\/\/www.bnz.energy\/#organization\",\"name\":\"BNZ\",\"url\":\"https:\/\/www.bnz.energy\/\",\"logo\":{\"@type\":\"ImageObject\",\"inLanguage\":\"pt-PT\",\"@id\":\"https:\/\/www.bnz.energy\/#\/schema\/logo\/image\/\",\"url\":\"https:\/\/www.bnz.energy\/wp-content\/uploads\/2024\/12\/Capa_1.svg\",\"contentUrl\":\"https:\/\/www.bnz.energy\/wp-content\/uploads\/2024\/12\/Capa_1.svg\",\"width\":1,\"height\":1,\"caption\":\"BNZ\"},\"image\":{\"@id\":\"https:\/\/www.bnz.energy\/#\/schema\/logo\/image\/\"},\"sameAs\":[\"https:\/\/www.linkedin.com\/company\/bnetzero\/\"]}]}<\/script>\n<!-- \/ Yoast SEO plugin. -->","yoast_head_json":{"title":"Canal de \u00e9tica - BNZ","robots":{"index":"index","follow":"follow","max-snippet":"max-snippet:-1","max-image-preview":"max-image-preview:large","max-video-preview":"max-video-preview:-1"},"canonical":"https:\/\/www.bnz.energy\/pt-pt\/canal-de-etica\/","og_locale":"pt_PT","og_type":"article","og_title":"Canal de \u00e9tica - BNZ","og_description":"Na BNZ, estamos comprometidos com os mais elevados padr\u00f5es de \u00e9tica, integridade e conformidade regulat\u00f3ria. Por esse motivo, disponibilizamos este Canal de Reclama\u00e7\u00f5es aos funcion\u00e1rios, colaboradores, fornecedores, comunidades locais e quaisquer terceiros ligados \u00e0s atividades da nossa empresa como um meio seguro e confidencial de relatar quaisquer irregularidades detetadas em rela\u00e7\u00e3o \u00e0s nossas atividades comerciais. Este canal pode ser utilizado para reportar condutas que violem a lei, o nosso C\u00f3digo de \u00c9tica ou as nossas pol\u00edticas internas, incluindo, entre outros, eventuais casos de fraude, corrup\u00e7\u00e3o, incumprimento regulat\u00f3rio, riscos ambientais ou viola\u00e7\u00f5es de direitos. Todas as comunica\u00e7\u00f5es ser\u00e3o tratadas de forma confidencial, em conformidade com a legisla\u00e7\u00e3o de prote\u00e7\u00e3o de dados, garantindo-se que n\u00e3o haver\u00e1 quaisquer repres\u00e1lias contra as pessoas que utilizem este canal de forma respons\u00e1vel. As den\u00fancias recebidas ser\u00e3o analisadas por uma entidade terceira independente, com rigor, independ\u00eancia e objetividade, sendo adotadas as medidas adequadas sempre que necess\u00e1rio Este canal refor\u00e7a o nosso compromisso com a transpar\u00eancia, a responsabilidade e a melhoria cont\u00ednua, pilares fundamentais da nossa atua\u00e7\u00e3o respons\u00e1vel e sustent\u00e1vel.","og_url":"https:\/\/www.bnz.energy\/pt-pt\/canal-de-etica\/","og_site_name":"BNZ","article_modified_time":"2025-12-23T10:04:13+00:00","og_image":[{"width":1024,"height":534,"url":"https:\/\/www.bnz.energy\/wp-content\/uploads\/2024\/10\/PRESS-ROOM_2024_5_OCT_BNZ-BNZ-signs-its-first-PPA-with-Ardagh-Metal-Packaging-Europe-in-Portugal-2.png","type":"image\/png"}],"twitter_card":"summary_large_image","twitter_misc":{"Tempo estimado de leitura":"2 minutos"},"schema":{"@context":"https:\/\/schema.org","@graph":[{"@type":"WebPage","@id":"https:\/\/www.bnz.energy\/pt-pt\/canal-de-etica\/","url":"https:\/\/www.bnz.energy\/pt-pt\/canal-de-etica\/","name":"Canal de \u00e9tica - BNZ","isPartOf":{"@id":"https:\/\/www.bnz.energy\/#website"},"datePublished":"2025-12-15T16:58:45+00:00","dateModified":"2025-12-23T10:04:13+00:00","breadcrumb":{"@id":"https:\/\/www.bnz.energy\/pt-pt\/canal-de-etica\/#breadcrumb"},"inLanguage":"pt-PT","potentialAction":[{"@type":"ReadAction","target":["https:\/\/www.bnz.energy\/pt-pt\/canal-de-etica\/"]}]},{"@type":"BreadcrumbList","@id":"https:\/\/www.bnz.energy\/pt-pt\/canal-de-etica\/#breadcrumb","itemListElement":[{"@type":"ListItem","position":1,"name":"Home","item":"https:\/\/www.bnz.energy\/pt-pt\/"},{"@type":"ListItem","position":2,"name":"Canal de \u00e9tica"}]},{"@type":"WebSite","@id":"https:\/\/www.bnz.energy\/#website","url":"https:\/\/www.bnz.energy\/","name":"BNZ","description":"","publisher":{"@id":"https:\/\/www.bnz.energy\/#organization"},"potentialAction":[{"@type":"SearchAction","target":{"@type":"EntryPoint","urlTemplate":"https:\/\/www.bnz.energy\/?s={search_term_string}"},"query-input":{"@type":"PropertyValueSpecification","valueRequired":true,"valueName":"search_term_string"}}],"inLanguage":"pt-PT"},{"@type":"Organization","@id":"https:\/\/www.bnz.energy\/#organization","name":"BNZ","url":"https:\/\/www.bnz.energy\/","logo":{"@type":"ImageObject","inLanguage":"pt-PT","@id":"https:\/\/www.bnz.energy\/#\/schema\/logo\/image\/","url":"https:\/\/www.bnz.energy\/wp-content\/uploads\/2024\/12\/Capa_1.svg","contentUrl":"https:\/\/www.bnz.energy\/wp-content\/uploads\/2024\/12\/Capa_1.svg","width":1,"height":1,"caption":"BNZ"},"image":{"@id":"https:\/\/www.bnz.energy\/#\/schema\/logo\/image\/"},"sameAs":["https:\/\/www.linkedin.com\/company\/bnetzero\/"]}]}},"_links":{"self":[{"href":"https:\/\/www.bnz.energy\/pt-pt\/wp-json\/wp\/v2\/pages\/11707","targetHints":{"allow":["GET"]}}],"collection":[{"href":"https:\/\/www.bnz.energy\/pt-pt\/wp-json\/wp\/v2\/pages"}],"about":[{"href":"https:\/\/www.bnz.energy\/pt-pt\/wp-json\/wp\/v2\/types\/page"}],"author":[{"embeddable":true,"href":"https:\/\/www.bnz.energy\/pt-pt\/wp-json\/wp\/v2\/users\/2"}],"replies":[{"embeddable":true,"href":"https:\/\/www.bnz.energy\/pt-pt\/wp-json\/wp\/v2\/comments?post=11707"}],"version-history":[{"count":8,"href":"https:\/\/www.bnz.energy\/pt-pt\/wp-json\/wp\/v2\/pages\/11707\/revisions"}],"predecessor-version":[{"id":11753,"href":"https:\/\/www.bnz.energy\/pt-pt\/wp-json\/wp\/v2\/pages\/11707\/revisions\/11753"}],"wp:attachment":[{"href":"https:\/\/www.bnz.energy\/pt-pt\/wp-json\/wp\/v2\/media?parent=11707"}],"curies":[{"name":"wp","href":"https:\/\/api.w.org\/{rel}","templated":true}]}}