{"id":11706,"date":"2025-12-15T16:58:45","date_gmt":"2025-12-15T16:58:45","guid":{"rendered":"https:\/\/www.bnz.energy\/?page_id=11706"},"modified":"2025-12-23T10:04:13","modified_gmt":"2025-12-23T10:04:13","slug":"canale-etico","status":"publish","type":"page","link":"https:\/\/www.bnz.energy\/it\/canale-etico\/","title":{"rendered":"Canale etico"},"content":{"rendered":"<p>[et_pb_section fb_built=&#8221;1&#8243; _builder_version=&#8221;4.16&#8243; _module_preset=&#8221;%22default%22&#8243; custom_margin=&#8221;%22||||false|false%22&#8243; custom_padding=&#8221;%2220px||20px||false|false%22&#8243; locked=&#8221;%22off%22&#8243; global_colors_info=&#8221;%22{}%22&#8243;][et_pb_row column_structure=&#8221;%224_4%22&#8243; module_class=&#8221;%22vend%22&#8243; _builder_version=&#8221;4.16&#8243; _module_preset=&#8221;%22default%22&#8243; background_size=&#8221;initial&#8221; background_position=&#8221;top_left&#8221; background_repeat=&#8221;repeat&#8221; custom_margin=&#8221;%22||||false|false%22&#8243; custom_padding=&#8221;%22||0px||false|false%22&#8243; global_colors_info=&#8221;%22{}%22&#8243;][et_pb_column type=&#8221;%224_4%22&#8243; _builder_version=&#8221;4.16&#8243; _module_preset=&#8221;%22default%22&#8243; custom_padding=&#8221;|||&#8221; global_colors_info=&#8221;%22{}%22&#8243; custom_padding__hover=&#8221;|||&#8221;][dsm_breadcrumbs show_home_icon=&#8221;%22off%22&#8243; _builder_version=&#8221;4.16&#8243; _module_preset=&#8221;%22default%22&#8243; items_text_color=&#8221;%22#81868b%22&#8243; global_colors_info=&#8221;%22{}%22&#8243;][\/dsm_breadcrumbs][\/et_pb_column][\/et_pb_row][\/et_pb_section][et_pb_section fb_built=&#8221;1&#8243; _builder_version=&#8221;4.27.2&#8243; _module_preset=&#8221;default&#8221; background_image=&#8221;https:\/\/www.bnz.energy\/wp-content\/uploads\/2024\/12\/Group-93.jpg&#8221; custom_margin=&#8221;0px||0px||false|false&#8221; custom_padding=&#8221;0px||0px||false|false&#8221; locked=&#8221;off&#8221; global_colors_info=&#8221;{}&#8221;][et_pb_row module_class=&#8221;vend&#8221; _builder_version=&#8221;4.27.2&#8243; _module_preset=&#8221;default&#8221; min_height=&#8221;212px&#8221; custom_margin=&#8221;0px||0px||false|false&#8221; custom_padding=&#8221;40px||40px||false|false&#8221; global_colors_info=&#8221;{}&#8221;][et_pb_column type=&#8221;4_4&#8243; _builder_version=&#8221;4.27.2&#8243; _module_preset=&#8221;default&#8221; global_colors_info=&#8221;{}&#8221;][et_pb_heading title=&#8221;@ET-DC@eyJkeW5hbWljIjp0cnVlLCJjb250ZW50IjoicG9zdF90aXRsZSIsInNldHRpbmdzIjp7ImJlZm9yZSI6IiIsImFmdGVyIjoiIn19@&#8221; _builder_version=&#8221;4.27.2&#8243; _dynamic_attributes=&#8221;title&#8221; _module_preset=&#8221;default&#8221; title_font=&#8221;Poppins|500|||||||&#8221; title_text_color=&#8221;#FFFFFF&#8221; title_font_size=&#8221;40px&#8221; animation_direction=&#8221;left&#8221; global_colors_info=&#8221;{}&#8221;][\/et_pb_heading][\/et_pb_column][\/et_pb_row][\/et_pb_section][et_pb_section fb_built=&#8221;1&#8243; _builder_version=&#8221;4.27.5&#8243; _module_preset=&#8221;default&#8221; background_enable_image=&#8221;off&#8221; animation_style=&#8221;slide&#8221; animation_direction=&#8221;bottom&#8221; locked=&#8221;off&#8221; global_colors_info=&#8221;{}&#8221;][et_pb_row _builder_version=&#8221;4.27.2&#8243; _module_preset=&#8221;default&#8221; global_colors_info=&#8221;{}&#8221;][et_pb_column type=&#8221;4_4&#8243; _builder_version=&#8221;4.27.2&#8243; _module_preset=&#8221;default&#8221; global_colors_info=&#8221;{}&#8221;][et_pb_divider divider_weight=&#8221;2px&#8221; _builder_version=&#8221;4.27.2&#8243; _module_preset=&#8221;default&#8221; width=&#8221;10%&#8221; width_tablet=&#8221;10%&#8221; width_phone=&#8221;40%&#8221; width_last_edited=&#8221;on|phone&#8221; module_alignment=&#8221;left&#8221; custom_margin=&#8221;||10px||false|false&#8221; global_colors_info=&#8221;{}&#8221;][\/et_pb_divider][et_pb_heading title=&#8221;Hai reclami o suggerimenti che vorresti condividere?&#8221; _builder_version=&#8221;4.27.5&#8243; _module_preset=&#8221;default&#8221; title_level=&#8221;h2&#8243; title_text_color=&#8221;#44505d&#8221; title_font_size=&#8221;34px&#8221; hover_enabled=&#8221;0&#8243; title_font_size_tablet=&#8221;34px&#8221; title_font_size_phone=&#8221;28px&#8221; title_font_size_last_edited=&#8221;on|phone&#8221; global_colors_info=&#8221;{}&#8221; sticky_enabled=&#8221;0&#8243;][\/et_pb_heading][\/et_pb_column][\/et_pb_row][et_pb_row _builder_version=&#8221;4.27.5&#8243; _module_preset=&#8221;default&#8221; global_colors_info=&#8221;{}&#8221;][et_pb_column type=&#8221;4_4&#8243; _builder_version=&#8221;4.27.5&#8243; _module_preset=&#8221;default&#8221; custom_padding_tablet=&#8221;&#8221; custom_padding_phone=&#8221;&#8221; custom_padding_last_edited=&#8221;on|desktop&#8221; global_colors_info=&#8221;{}&#8221;][et_pb_text _builder_version=&#8221;4.27.5&#8243; _module_preset=&#8221;%22default%22&#8243; background_size=&#8221;initial&#8221; background_position=&#8221;top_left&#8221; background_repeat=&#8221;repeat&#8221; hover_enabled=&#8221;0&#8243; global_colors_info=&#8221;%22{}%22&#8243; sticky_enabled=&#8221;0&#8243;]BNZ si impegna a rispettare i pi\u00f9 elevati standard di etica, integrit\u00e0 e conformit\u00e0 normativa. Per questo motivo, mettiamo a disposizione dei dipendenti, dei collaboratori, dei fornitori, delle comunit\u00e0 locali e di qualsiasi terza parte collegata alle attivit\u00e0 della nostra azienda questo Canale di reclamo come mezzo sicuro e riservato per segnalare eventuali irregolarit\u00e0 rilevate in relazione alle nostre attivit\u00e0 commerciali.<\/p>\n<p>Questo canale pu\u00f2 essere utilizzato per segnalare comportamenti che violano la legge, il nostro Codice Etico o le nostre politiche interne, inclusi, tra l&#8217;altro, possibili casi di frode, corruzione, non conformit\u00e0 normativa, rischi ambientali o violazioni dei diritti.<\/p>\n<p>Tutte le comunicazioni saranno trattate in modo confidenziale, in conformit\u00e0 con le normative sulla protezione dei dati e garantendo che non vi siano ritorsioni nei confronti delle persone che utilizzano questo canale in modo responsabile. I reclami ricevuti saranno analizzati da una terza parte indipendente con rigore, indipendenza e obiettivit\u00e0 e, se necessario, saranno adottate misure adeguate.<\/p>\n<p>Questo canale rafforza il nostro impegno verso la trasparenza, la responsabilit\u00e0 e il miglioramento continuo, pilastri fondamentali delle nostre azioni responsabili e sostenibili.<br \/>\n[\/et_pb_text][et_pb_image src=&#8221;https:\/\/www.bnz.energy\/wp-content\/uploads\/2025\/12\/canal_etico_IT.png&#8221; title_text=&#8221;canal_etico_IT&#8221; align=&#8221;center&#8221; align_tablet=&#8221;center&#8221; align_phone=&#8221;center&#8221; align_last_edited=&#8221;on|desktop&#8221; _builder_version=&#8221;4.27.5&#8243; _module_preset=&#8221;%22default%22&#8243; animation_style=&#8221;slide&#8221; animation_direction=&#8221;left&#8221; animation_duration=&#8221;500ms&#8221; animation_intensity_slide=&#8221;10%&#8221; hover_enabled=&#8221;0&#8243; global_colors_info=&#8221;%22{}%22&#8243; sticky_enabled=&#8221;0&#8243;][\/et_pb_image][et_pb_button button_url=&#8221;https:\/\/app.infodenuncias.com\/external-secure-channel\/krc67agf&#8221; url_new_window=&#8221;on&#8221; button_text=&#8221;Accedi al nostro canale reclami e suggerimenti&#8221; button_alignment=&#8221;center&#8221; button_alignment_tablet=&#8221;right&#8221; button_alignment_phone=&#8221;left&#8221; button_alignment_last_edited=&#8221;on|phone&#8221; _builder_version=&#8221;4.27.5&#8243; _module_preset=&#8221;default&#8221; custom_button=&#8221;on&#8221; button_text_size=&#8221;16px&#8221; button_text_color=&#8221;#FFFFFF&#8221; button_bg_color=&#8221;#44505D&#8221; button_font=&#8221;Poppins|600|||||||&#8221; button_use_icon=&#8221;off&#8221; custom_padding=&#8221;10px|40px|10px|40px|false|true&#8221; hover_enabled=&#8221;0&#8243; global_colors_info=&#8221;{}&#8221; sticky_enabled=&#8221;0&#8243;][\/et_pb_button][\/et_pb_column][\/et_pb_row][\/et_pb_section][et_pb_section fb_built=&#8221;1&#8243; disabled_on=&#8221;on|on|on&#8221; _builder_version=&#8221;4.27.2&#8243; _module_preset=&#8221;default&#8221; custom_padding=&#8221;70px||100px||false|false&#8221; disabled=&#8221;on&#8221; locked=&#8221;off&#8221; global_colors_info=&#8221;{}&#8221;][et_pb_row column_structure=&#8221;1_2,1_2&#8243; make_equal=&#8221;on&#8221; disabled_on=&#8221;off|off|off&#8221; _builder_version=&#8221;4.27.2&#8243; _module_preset=&#8221;default&#8221; custom_padding=&#8221;0px||0px||false|false&#8221; global_colors_info=&#8221;{}&#8221;][et_pb_column type=&#8221;1_2&#8243; _builder_version=&#8221;4.27.2&#8243; _module_preset=&#8221;default&#8221; global_colors_info=&#8221;{}&#8221;][et_pb_heading title=&#8221;\u00bfQuieres enviarnos informaci\u00f3n?&#8221; _builder_version=&#8221;4.27.5&#8243; _module_preset=&#8221;default&#8221; title_level=&#8221;h5&#8243; title_font=&#8221;Poppins|500|||||||&#8221; title_text_align=&#8221;left&#8221; title_text_color=&#8221;#F88303&#8243; title_font_size=&#8221;36px&#8221; title_line_height=&#8221;1.5em&#8221; custom_margin=&#8221;0px||0px||false|false&#8221; title_font_size_tablet=&#8221;36px&#8221; title_font_size_phone=&#8221;28px&#8221; title_font_size_last_edited=&#8221;on|phone&#8221; global_colors_info=&#8221;{}&#8221;][\/et_pb_heading][\/et_pb_column][et_pb_column type=&#8221;1_2&#8243; module_class=&#8221;vmid&#8221; _builder_version=&#8221;4.27.2&#8243; _module_preset=&#8221;default&#8221; global_colors_info=&#8221;{}&#8221;][et_pb_button button_url=&#8221;https:\/\/app.infodenuncias.com\/external-secure-channel\/krc67agf&#8221; url_new_window=&#8221;on&#8221; button_text=&#8221;Accede a nuestro canal&#8221; button_alignment=&#8221;right&#8221; button_alignment_tablet=&#8221;right&#8221; button_alignment_phone=&#8221;left&#8221; button_alignment_last_edited=&#8221;on|phone&#8221; _builder_version=&#8221;4.27.5&#8243; _module_preset=&#8221;default&#8221; custom_button=&#8221;on&#8221; button_text_size=&#8221;16px&#8221; button_text_color=&#8221;#FFFFFF&#8221; button_bg_color=&#8221;#44505D&#8221; button_font=&#8221;Poppins|600|||||||&#8221; button_use_icon=&#8221;off&#8221; custom_padding=&#8221;10px|40px|10px|40px|false|true&#8221; global_colors_info=&#8221;{}&#8221;][\/et_pb_button][\/et_pb_column][\/et_pb_row][\/et_pb_section]<\/p>\n","protected":false},"excerpt":{"rendered":"<p><div class=\"et_pb_module dsm_breadcrumbs dsm_breadcrumbs_0\">\n\t\t\t\t\n\t\t\t\t\n\t\t\t\t\n\t\t\t\t\n\t\t\t\t\n\t\t\t\t\n\t\t\t\t<div class=\"et_pb_module_inner\">\n\t\t\t\t\t<nav class=\"dsm_breadcrumbs_wrap\" role=\"navigation\" itemscope=\"\" itemtype=\"http:\/\/schema.org\/SiteNavigationElement\">\n\t\t\t\t<ul class=\"dsm_breadcrumbs\">\t\t\t<li class='dsm_breadcrumbs_item dsm_home_item dsm_home_item_custom'>\n\t\t\t\t<a href=\"https:\/\/www.bnz.energy\/it\/\" itemprop=\"url\" target=\"\">\n\t\t\t\t\t<span class='dsm_home_text_wrapper'>\n\t\t\t\t\t\t\t\t\t\t\t\t\t<span class=\"dsm_home_text\" itemprop=\"name\">\n\t\t\t\t\t\t\t\tHome\t\t\t\t\t\t\t<\/span>\n\t\t\t\t\t<\/span>\n\t\t\t\t<\/a>\n\t\t\t<\/li>\n\n\t\t<li class=\"dsm_breadcrumbs_separator\"> <span class=\"et-pb-icon dsm_separator_icon\">5<\/span><\/li><\/ul>\n\t\t\t<\/nav>\n\t\t\t\t<\/div>\n\t\t\t<\/div>BNZ si impegna a rispettare i pi\u00f9 elevati standard di etica, integrit\u00e0 e conformit\u00e0 normativa. Per questo motivo, mettiamo a disposizione dei dipendenti, dei collaboratori, dei fornitori, delle comunit\u00e0 locali e di qualsiasi terza parte collegata alle attivit\u00e0 della nostra azienda questo Canale di reclamo come mezzo sicuro e riservato per segnalare eventuali irregolarit\u00e0 rilevate in relazione alle nostre attivit\u00e0 commerciali. Questo canale pu\u00f2 essere utilizzato per segnalare comportamenti che violano la legge, il nostro Codice Etico o le nostre politiche interne, inclusi, tra l&#8217;altro, possibili casi di frode, corruzione, non conformit\u00e0 normativa, rischi ambientali o violazioni dei diritti. Tutte le comunicazioni saranno trattate in modo confidenziale, in conformit\u00e0 con le normative sulla protezione dei dati e garantendo che non vi siano ritorsioni nei confronti delle persone che utilizzano questo canale in modo responsabile. I reclami ricevuti saranno analizzati da una terza parte indipendente con rigore, indipendenza e obiettivit\u00e0 e, se necessario, saranno adottate misure adeguate. Questo canale rafforza il nostro impegno verso la trasparenza, la responsabilit\u00e0 e il miglioramento continuo, pilastri fondamentali delle nostre azioni responsabili e sostenibili.<\/p>\n","protected":false},"author":2,"featured_media":0,"parent":0,"menu_order":0,"comment_status":"closed","ping_status":"closed","template":"","meta":{"_acf_changed":false,"_et_pb_use_builder":"on","_et_pb_old_content":"","_et_gb_content_width":"","footnotes":""},"class_list":["post-11706","page","type-page","status-publish","hentry"],"acf":[],"yoast_head":"<!-- This site is optimized with the Yoast SEO plugin v26.6 - https:\/\/yoast.com\/wordpress\/plugins\/seo\/ -->\n<title>Canale etico - BNZ<\/title>\n<meta name=\"robots\" content=\"index, follow, max-snippet:-1, max-image-preview:large, max-video-preview:-1\" \/>\n<link rel=\"canonical\" href=\"https:\/\/www.bnz.energy\/it\/canale-etico\/\" \/>\n<meta property=\"og:locale\" content=\"it_IT\" \/>\n<meta property=\"og:type\" content=\"article\" \/>\n<meta property=\"og:title\" content=\"Canale etico - BNZ\" \/>\n<meta property=\"og:description\" content=\"BNZ si impegna a rispettare i pi\u00f9 elevati standard di etica, integrit\u00e0 e conformit\u00e0 normativa. Per questo motivo, mettiamo a disposizione dei dipendenti, dei collaboratori, dei fornitori, delle comunit\u00e0 locali e di qualsiasi terza parte collegata alle attivit\u00e0 della nostra azienda questo Canale di reclamo come mezzo sicuro e riservato per segnalare eventuali irregolarit\u00e0 rilevate in relazione alle nostre attivit\u00e0 commerciali. Questo canale pu\u00f2 essere utilizzato per segnalare comportamenti che violano la legge, il nostro Codice Etico o le nostre politiche interne, inclusi, tra l&#039;altro, possibili casi di frode, corruzione, non conformit\u00e0 normativa, rischi ambientali o violazioni dei diritti. Tutte le comunicazioni saranno trattate in modo confidenziale, in conformit\u00e0 con le normative sulla protezione dei dati e garantendo che non vi siano ritorsioni nei confronti delle persone che utilizzano questo canale in modo responsabile. I reclami ricevuti saranno analizzati da una terza parte indipendente con rigore, indipendenza e obiettivit\u00e0 e, se necessario, saranno adottate misure adeguate. Questo canale rafforza il nostro impegno verso la trasparenza, la responsabilit\u00e0 e il miglioramento continuo, pilastri fondamentali delle nostre azioni responsabili e sostenibili.\" \/>\n<meta property=\"og:url\" content=\"https:\/\/www.bnz.energy\/it\/canale-etico\/\" \/>\n<meta property=\"og:site_name\" content=\"BNZ\" \/>\n<meta property=\"article:modified_time\" content=\"2025-12-23T10:04:13+00:00\" \/>\n<meta property=\"og:image\" content=\"https:\/\/www.bnz.energy\/wp-content\/uploads\/2024\/10\/PRESS-ROOM_2024_5_OCT_BNZ-BNZ-signs-its-first-PPA-with-Ardagh-Metal-Packaging-Europe-in-Portugal-2.png\" \/>\n\t<meta property=\"og:image:width\" content=\"1024\" \/>\n\t<meta property=\"og:image:height\" content=\"534\" \/>\n\t<meta property=\"og:image:type\" content=\"image\/png\" \/>\n<meta name=\"twitter:card\" content=\"summary_large_image\" \/>\n<meta name=\"twitter:label1\" content=\"Tempo di lettura stimato\" \/>\n\t<meta name=\"twitter:data1\" content=\"2 minuti\" \/>\n<script type=\"application\/ld+json\" class=\"yoast-schema-graph\">{\"@context\":\"https:\/\/schema.org\",\"@graph\":[{\"@type\":\"WebPage\",\"@id\":\"https:\/\/www.bnz.energy\/it\/canale-etico\/\",\"url\":\"https:\/\/www.bnz.energy\/it\/canale-etico\/\",\"name\":\"Canale etico - BNZ\",\"isPartOf\":{\"@id\":\"https:\/\/www.bnz.energy\/#website\"},\"datePublished\":\"2025-12-15T16:58:45+00:00\",\"dateModified\":\"2025-12-23T10:04:13+00:00\",\"breadcrumb\":{\"@id\":\"https:\/\/www.bnz.energy\/it\/canale-etico\/#breadcrumb\"},\"inLanguage\":\"it-IT\",\"potentialAction\":[{\"@type\":\"ReadAction\",\"target\":[\"https:\/\/www.bnz.energy\/it\/canale-etico\/\"]}]},{\"@type\":\"BreadcrumbList\",\"@id\":\"https:\/\/www.bnz.energy\/it\/canale-etico\/#breadcrumb\",\"itemListElement\":[{\"@type\":\"ListItem\",\"position\":1,\"name\":\"Home\",\"item\":\"https:\/\/www.bnz.energy\/it\/\"},{\"@type\":\"ListItem\",\"position\":2,\"name\":\"Canale etico\"}]},{\"@type\":\"WebSite\",\"@id\":\"https:\/\/www.bnz.energy\/#website\",\"url\":\"https:\/\/www.bnz.energy\/\",\"name\":\"BNZ\",\"description\":\"\",\"publisher\":{\"@id\":\"https:\/\/www.bnz.energy\/#organization\"},\"potentialAction\":[{\"@type\":\"SearchAction\",\"target\":{\"@type\":\"EntryPoint\",\"urlTemplate\":\"https:\/\/www.bnz.energy\/?s={search_term_string}\"},\"query-input\":{\"@type\":\"PropertyValueSpecification\",\"valueRequired\":true,\"valueName\":\"search_term_string\"}}],\"inLanguage\":\"it-IT\"},{\"@type\":\"Organization\",\"@id\":\"https:\/\/www.bnz.energy\/#organization\",\"name\":\"BNZ\",\"url\":\"https:\/\/www.bnz.energy\/\",\"logo\":{\"@type\":\"ImageObject\",\"inLanguage\":\"it-IT\",\"@id\":\"https:\/\/www.bnz.energy\/#\/schema\/logo\/image\/\",\"url\":\"https:\/\/www.bnz.energy\/wp-content\/uploads\/2024\/12\/Capa_1.svg\",\"contentUrl\":\"https:\/\/www.bnz.energy\/wp-content\/uploads\/2024\/12\/Capa_1.svg\",\"width\":1,\"height\":1,\"caption\":\"BNZ\"},\"image\":{\"@id\":\"https:\/\/www.bnz.energy\/#\/schema\/logo\/image\/\"},\"sameAs\":[\"https:\/\/www.linkedin.com\/company\/bnetzero\/\"]}]}<\/script>\n<!-- \/ Yoast SEO plugin. -->","yoast_head_json":{"title":"Canale etico - BNZ","robots":{"index":"index","follow":"follow","max-snippet":"max-snippet:-1","max-image-preview":"max-image-preview:large","max-video-preview":"max-video-preview:-1"},"canonical":"https:\/\/www.bnz.energy\/it\/canale-etico\/","og_locale":"it_IT","og_type":"article","og_title":"Canale etico - BNZ","og_description":"BNZ si impegna a rispettare i pi\u00f9 elevati standard di etica, integrit\u00e0 e conformit\u00e0 normativa. Per questo motivo, mettiamo a disposizione dei dipendenti, dei collaboratori, dei fornitori, delle comunit\u00e0 locali e di qualsiasi terza parte collegata alle attivit\u00e0 della nostra azienda questo Canale di reclamo come mezzo sicuro e riservato per segnalare eventuali irregolarit\u00e0 rilevate in relazione alle nostre attivit\u00e0 commerciali. Questo canale pu\u00f2 essere utilizzato per segnalare comportamenti che violano la legge, il nostro Codice Etico o le nostre politiche interne, inclusi, tra l'altro, possibili casi di frode, corruzione, non conformit\u00e0 normativa, rischi ambientali o violazioni dei diritti. Tutte le comunicazioni saranno trattate in modo confidenziale, in conformit\u00e0 con le normative sulla protezione dei dati e garantendo che non vi siano ritorsioni nei confronti delle persone che utilizzano questo canale in modo responsabile. I reclami ricevuti saranno analizzati da una terza parte indipendente con rigore, indipendenza e obiettivit\u00e0 e, se necessario, saranno adottate misure adeguate. Questo canale rafforza il nostro impegno verso la trasparenza, la responsabilit\u00e0 e il miglioramento continuo, pilastri fondamentali delle nostre azioni responsabili e sostenibili.","og_url":"https:\/\/www.bnz.energy\/it\/canale-etico\/","og_site_name":"BNZ","article_modified_time":"2025-12-23T10:04:13+00:00","og_image":[{"width":1024,"height":534,"url":"https:\/\/www.bnz.energy\/wp-content\/uploads\/2024\/10\/PRESS-ROOM_2024_5_OCT_BNZ-BNZ-signs-its-first-PPA-with-Ardagh-Metal-Packaging-Europe-in-Portugal-2.png","type":"image\/png"}],"twitter_card":"summary_large_image","twitter_misc":{"Tempo di lettura stimato":"2 minuti"},"schema":{"@context":"https:\/\/schema.org","@graph":[{"@type":"WebPage","@id":"https:\/\/www.bnz.energy\/it\/canale-etico\/","url":"https:\/\/www.bnz.energy\/it\/canale-etico\/","name":"Canale etico - BNZ","isPartOf":{"@id":"https:\/\/www.bnz.energy\/#website"},"datePublished":"2025-12-15T16:58:45+00:00","dateModified":"2025-12-23T10:04:13+00:00","breadcrumb":{"@id":"https:\/\/www.bnz.energy\/it\/canale-etico\/#breadcrumb"},"inLanguage":"it-IT","potentialAction":[{"@type":"ReadAction","target":["https:\/\/www.bnz.energy\/it\/canale-etico\/"]}]},{"@type":"BreadcrumbList","@id":"https:\/\/www.bnz.energy\/it\/canale-etico\/#breadcrumb","itemListElement":[{"@type":"ListItem","position":1,"name":"Home","item":"https:\/\/www.bnz.energy\/it\/"},{"@type":"ListItem","position":2,"name":"Canale etico"}]},{"@type":"WebSite","@id":"https:\/\/www.bnz.energy\/#website","url":"https:\/\/www.bnz.energy\/","name":"BNZ","description":"","publisher":{"@id":"https:\/\/www.bnz.energy\/#organization"},"potentialAction":[{"@type":"SearchAction","target":{"@type":"EntryPoint","urlTemplate":"https:\/\/www.bnz.energy\/?s={search_term_string}"},"query-input":{"@type":"PropertyValueSpecification","valueRequired":true,"valueName":"search_term_string"}}],"inLanguage":"it-IT"},{"@type":"Organization","@id":"https:\/\/www.bnz.energy\/#organization","name":"BNZ","url":"https:\/\/www.bnz.energy\/","logo":{"@type":"ImageObject","inLanguage":"it-IT","@id":"https:\/\/www.bnz.energy\/#\/schema\/logo\/image\/","url":"https:\/\/www.bnz.energy\/wp-content\/uploads\/2024\/12\/Capa_1.svg","contentUrl":"https:\/\/www.bnz.energy\/wp-content\/uploads\/2024\/12\/Capa_1.svg","width":1,"height":1,"caption":"BNZ"},"image":{"@id":"https:\/\/www.bnz.energy\/#\/schema\/logo\/image\/"},"sameAs":["https:\/\/www.linkedin.com\/company\/bnetzero\/"]}]}},"_links":{"self":[{"href":"https:\/\/www.bnz.energy\/it\/wp-json\/wp\/v2\/pages\/11706","targetHints":{"allow":["GET"]}}],"collection":[{"href":"https:\/\/www.bnz.energy\/it\/wp-json\/wp\/v2\/pages"}],"about":[{"href":"https:\/\/www.bnz.energy\/it\/wp-json\/wp\/v2\/types\/page"}],"author":[{"embeddable":true,"href":"https:\/\/www.bnz.energy\/it\/wp-json\/wp\/v2\/users\/2"}],"replies":[{"embeddable":true,"href":"https:\/\/www.bnz.energy\/it\/wp-json\/wp\/v2\/comments?post=11706"}],"version-history":[{"count":7,"href":"https:\/\/www.bnz.energy\/it\/wp-json\/wp\/v2\/pages\/11706\/revisions"}],"predecessor-version":[{"id":11766,"href":"https:\/\/www.bnz.energy\/it\/wp-json\/wp\/v2\/pages\/11706\/revisions\/11766"}],"wp:attachment":[{"href":"https:\/\/www.bnz.energy\/it\/wp-json\/wp\/v2\/media?parent=11706"}],"curies":[{"name":"wp","href":"https:\/\/api.w.org\/{rel}","templated":true}]}}